{"id":453,"date":"2020-10-23T15:21:27","date_gmt":"2020-10-23T15:21:27","guid":{"rendered":"http:\/\/quintagaleon.com\/hummer\/?page_id=453"},"modified":"2025-12-23T21:08:02","modified_gmt":"2025-12-24T03:08:02","slug":"our-place","status":"publish","type":"page","link":"https:\/\/quintagaleon.com\/hummer\/our-place\/","title":{"rendered":"Our Place"},"content":{"rendered":"<div class=\"wpb-content-wrapper\"><p>[vc_row full_width=&#8221;stretch_row_content&#8221; rtl_reverse=&#8221;yes&#8221; css=&#8221;.vc_custom_1603928593178{margin-top: 0px !important;padding-top: 0px !important;background-color: #ffffff !important;}&#8221;][vc_column width=&#8221;1\/2&#8243; css=&#8221;.vc_custom_1603843736998{background-position: center !important;background-repeat: no-repeat !important;background-size: contain !important;}&#8221;][vc_gallery interval=&#8221;5&#8243; images=&#8221;1595,1592,1594,1593,1590,1589&#8243; img_size=&#8221;full&#8221; css=&#8221;.vc_custom_1604298656828{margin-top: 3em !important;}&#8221;][\/vc_column][vc_column width=&#8221;1\/2&#8243;][vc_custom_heading text=&#8221;Quinta GALEON Lodge&#8221; font_container=&#8221;tag:h1|font_size:30px|text_align:left|line_height:1.5&#8243; use_theme_fonts=&#8221;yes&#8221; css=&#8221;.vc_custom_1604447720220{margin-bottom: -10px !important;padding-bottom: 10px !important;}&#8221;][vc_custom_heading text=&#8221;YOUR HOME AWAY FROM HOME&#8221; font_container=&#8221;tag:h1|font_size:14|text_align:left|color:%230c0c0c|line_height:1.4&#8243; use_theme_fonts=&#8221;yes&#8221; css_animation=&#8221;slideInDown&#8221; css=&#8221;.vc_custom_1604446619088{margin-bottom: -10px !important;padding-bottom: 10px !important;}&#8221;][vc_column_text css=&#8221;.vc_custom_1604297216749{margin-top: 25px !important;padding-right: 0px !important;}&#8221;]Quinta GALEON Lodge \/ Costa Rica, is a beautiful, very private, family-owned boutique mountain lodge, a prime, attractive and distinctive quality tourist destination located in the highlands of Costa Rica, at 2050 msnm (6700 fasl), some 60 km from San Jos\u00e9, on the way to the Coffee Valley of Santa Mar\u00eda de Dota, next to Los Quetzales National Park, on the majestic mountains of Talamanca.<\/p>\n<p>Quinta GALEON Lodge, is personally managed and served by its owners Pablo &amp; Tere, and is highly reviewed for its great food, privacy, service and amazing hospitality.<\/p>\n<p>It offers an excellent level of infrastructure, an exceptional view of the coffee valley of Santa Mar\u00eda de Dota, and is considered one of the best places in the world to enjoy and photograph hummingbirds.<\/p>\n<p>A great destination, ideal for families, small groups &amp; individual travelers, mountain &amp; avitourism lovers, looking for zero-stress vacations, relaxation, great birding &amp; photography opportunities &amp; cozy lodging facilities to enjoy.<\/p>\n<p>When looking for Rural Community Tourism options and other traveling and sightseeing options, Quinta GALEON Lodge is also a great place to use as a base camp from where to experience and tour around the beautiful countryside, volcanoes, neighboring attractions, landscape, beaches, towns, people and rural community experiences that Costa Rica offers.[\/vc_column_text][\/vc_column][\/vc_row][vc_section full_width=&#8221;stretch_row_content&#8221; css=&#8221;.vc_custom_1603476653545{margin-top: 50px !important;}&#8221;][vc_row][vc_column][vc_custom_heading text=&#8221;Meals &amp; Services&#8221; font_container=&#8221;tag:h1|font_size:33px|text_align:center|line_height:1.2&#8243; use_theme_fonts=&#8221;yes&#8221; css=&#8221;.vc_custom_1604169731349{padding-bottom: 10px !important;}&#8221;][\/vc_column][vc_column][vc_row_inner][vc_column_inner width=&#8221;1\/3&#8243;][vc_single_image image=&#8221;1387&#8243;][\/vc_column_inner][vc_column_inner width=&#8221;1\/3&#8243;][vc_single_image image=&#8221;1386&#8243;][\/vc_column_inner][vc_column_inner width=&#8221;1\/3&#8243;][vc_single_image image=&#8221;1385&#8243;][\/vc_column_inner][\/vc_row_inner][\/vc_column][\/vc_row][vc_row][vc_column width=&#8221;1\/6&#8243;][\/vc_column][vc_column width=&#8221;2\/6&#8243;][vc_column_text css=&#8221;.vc_custom_1604343581549{padding-right: 0px !important;}&#8221;]<strong>Yes. Very personalized services. Guest come first.<\/strong> We have an inspiration here. We try to make you feel at home. We always say, when you arrive at Quinta GALEON Lodge, <strong>a guest comes in, and a friend goes out.<\/strong><\/p>\n<p><strong>Sincerely speaking,\u00a0 it is difficult to talk about ourselves. Therefore, we rather take a few lines to transcript some of our random guest testimonials left at different occasions in some of our review forums. With no order in particular:<\/strong>[\/vc_column_text][vc_single_image image=&#8221;1547&#8243;][\/vc_column][vc_column width=&#8221;3\/6&#8243;][vc_column_text css=&#8221;.vc_custom_1604342634091{padding-right: 0px !important;}&#8221;]<em>\u201cThe food (breakfast, lunch and dinner) were great, prepared with care and really of high class.\u201d<\/em> \/ <strong>Nico from The Netherlands<\/strong><\/p>\n<p><em>\u201cPablo and Tere are wonderful hosts and do everything possible to make your stay enjoyable. The rooms are all unique, clean, and quiet.\u201d<\/em> \/ <strong>Bill Pohley from USA<\/strong><\/p>\n<p><em>\u201cGreat Lodge! Pablo and Tere do a great job of taking care of you, the food is wonderful and the birds are fantastic. The property has a great view as well. I look forward to going back there. It&#8217;s the best food I have had in Costa Rica\u201d<\/em>\/ <strong>Nate Chappell, from Houston, Texas, USA<\/strong><\/p>\n<p><em>\u201cCosta Rica Bird Stop \/ Our bird photo trip stopped twice at Quinta Galeon. Terri and Pablo were gracious hosts and the food was excellent. The view is special and the hummingbirds are plentiful. Whether you are a birder or just someone looking to have some peace and quiet in Costa Rica, this is a place to consider.\u201d<\/em> \/ <strong>Trip63228504161 from Macon, Georgia, USA<\/strong><\/p>\n<p><em>\u201cWonderful Stay \/ This was the perfect setup for Hummingbird photography. Many species and a lot of them. Our hosts went out of their way to make our stay comfortable. The property is beautiful. Rooms were very nice. Food was excellent and they met my dietary restrictions as well. Perfect hosts! I will definitely be returning\u201d<\/em>\u00a0 <strong>KM\/Journey46666497590 from USA<\/strong>[\/vc_column_text][\/vc_column][\/vc_row][vc_row][vc_column width=&#8221;1\/6&#8243;][\/vc_column][vc_column width=&#8221;2\/6&#8243;][\/vc_column][vc_column width=&#8221;2\/6&#8243;][vc_column_text css=&#8221;.vc_custom_1604299237011{padding-right: 0px !important;}&#8221;]<\/p>\n<p style=\"text-align: left;\"><strong>For more testimonials on Quinta GALEON\u00a0 please click on.<\/strong><\/p>\n<p>[\/vc_column_text][\/vc_column][vc_column width=&#8221;1\/6&#8243;][vc_btn title=&#8221;Reviews&#8221; style=&#8221;gradient&#8221; gradient_color_1=&#8221;mulled-wine&#8221; gradient_color_2=&#8221;green&#8221; align=&#8221;center&#8221; css=&#8221;.vc_custom_1766545662757{margin-top: -10px !important;}&#8221; link=&#8221;url:https%3A%2F%2Fquintagaleon.com%2Fhummer%2Freviews%2F|title:Reviews&#8221;][\/vc_column][\/vc_row][\/vc_section][vc_section full_width=&#8221;stretch_row&#8221; css=&#8221;.vc_custom_1604255082237{background-color: rgba(255,255,255,0.01) !important;*background-color: rgb(255,255,255) !important;}&#8221;][vc_row][vc_column css=&#8221;.vc_custom_1604254937097{margin-bottom: 0px !important;}&#8221;][vc_custom_heading text=&#8221;Other Services&#8221; font_container=&#8221;tag:h1|font_size:33px|text_align:center|line_height:1.2&#8243; use_theme_fonts=&#8221;yes&#8221; css=&#8221;.vc_custom_1604268273988{margin-bottom: -10px !important;padding-bottom: 10px !important;}&#8221; el_id=&#8221;covid&#8221;][vc_separator border_width=&#8221;4&#8243;][\/vc_column][\/vc_row][vc_row css=&#8221;.vc_custom_1604254916970{padding-top: 0px !important;background-position: center !important;background-repeat: no-repeat !important;background-size: cover !important;}&#8221; el_id=&#8221;prueba&#8221;][vc_column width=&#8221;1\/2&#8243;][vc_custom_heading text=&#8221;Travel Planning &amp; Logistics Services&#8221; font_container=&#8221;tag:h1|font_size:18|text_align:center|line_height:1.2&#8243; use_theme_fonts=&#8221;yes&#8221; css=&#8221;.vc_custom_1604173629855{padding-bottom: 10px !important;}&#8221;][vc_column_text css=&#8221;.vc_custom_1604345123686{padding-right: 0px !important;}&#8221;]<strong>Here to help in any way we can, with any logistics or travel planning needs you might have.<\/strong><\/p>\n<p>&#8230;Say, you might need unbiased feedback as to recommended places or areas you might be considering in the country?\u00a0 \u00a0<strong>No problem, just call us or drop us a line !! .<\/strong><\/p>\n<p>Do you need Private Transportation services?\u00a0 <strong>Yes, we can arrange that too for you. Just let us know how we can help you?.<br \/>\n<\/strong>[\/vc_column_text][\/vc_column][vc_column width=&#8221;1\/2&#8243;][vc_custom_heading text=&#8221;Work From Home&#8221; font_container=&#8221;tag:h1|font_size:18|text_align:center|line_height:1.2&#8243; use_theme_fonts=&#8221;yes&#8221; css=&#8221;.vc_custom_1604173764012{padding-bottom: 10px !important;}&#8221;][vc_column_text css=&#8221;.vc_custom_1604345305974{padding-right: 0px !important;}&#8221;]<strong>Do you need to have access to a decent and stable Internet connection to \u201cWork From Home\u201d.\u00a0 <\/strong><\/p>\n<p>Quinta GALEON Lodge has Fiber Optics services in place and we will be more than happy to offer your a connection to the world. <strong>Just let us know ahead of time and we&#8217;ll arrange that for you.<\/strong>[\/vc_column_text][vc_empty_space el_id=&#8221;covid&#8221;][\/vc_column][\/vc_row][\/vc_section][vc_row full_width=&#8221;stretch_row&#8221; css=&#8221;.vc_custom_1604254991605{margin-top: 50px !important;background-color: #d6d6d6 !important;}&#8221;][vc_column][vc_custom_heading text=&#8221;The Highlands &amp; The Saints Area&#8221; font_container=&#8221;tag:h1|font_size:25|text_align:center|line_height:1.2&#8243; use_theme_fonts=&#8221;yes&#8221; css=&#8221;.vc_custom_1717097351763{padding-bottom: 10px !important;}&#8221;][vc_row_inner][vc_column_inner width=&#8221;1\/2&#8243;][vc_column_text css=&#8221;.vc_custom_1717097207600{padding-right: 0px !important;}&#8221;]<strong>Quinta GALEON Lodge, is located at the northern edge of the beautiful Coffee Valley of Santa Mar\u00eda de Dota, just 5 Km south, at the foothills of Quinta GALEON Lodge.<\/strong>[\/vc_column_text][\/vc_column_inner][vc_column_inner width=&#8221;1\/2&#8243;][vc_column_text css=&#8221;.vc_custom_1717097089460{padding-right: 0px !important;}&#8221;]<strong>La Zona de Los Santos (The Saints Area), include 3 counties, i.e Dota, Tarraz\u00fa &amp; Le\u00f3n Cort\u00e9s.<\/strong><\/p>\n<p>[\/vc_column_text][\/vc_column_inner][\/vc_row_inner][\/vc_column][\/vc_row]<\/p>\n<\/div>","protected":false},"excerpt":{"rendered":"<p>[vc_row full_width=&#8221;stretch_row_content&#8221; rtl_reverse=&#8221;yes&#8221; css=&#8221;.vc_custom_1603928593178{margin-top: 0px !important;padding-top: 0px !important;background-color: #ffffff !important;}&#8221;][vc_column width=&#8221;1\/2&#8243; css=&#8221;.vc_custom_1603843736998{background-position: center !important;background-repeat: no-repeat !important;background-size: contain !important;}&#8221;][vc_gallery interval=&#8221;5&#8243; images=&#8221;1595,1592,1594,1593,1590,1589&#8243; img_size=&#8221;full&#8221; css=&#8221;.vc_custom_1604298656828{margin-top: 3em !important;}&#8221;][\/vc_column][vc_column width=&#8221;1\/2&#8243;][vc_custom_heading text=&#8221;Quinta GALEON Lodge&#8221; font_container=&#8221;tag:h1|font_size:30px|text_align:left|line_height:1.5&#8243; use_theme_fonts=&#8221;yes&#8221; css=&#8221;.vc_custom_1604447720220{margin-bottom: -10px !important;padding-bottom: 10px !important;}&#8221;][vc_custom_heading text=&#8221;YOUR HOME AWAY FROM HOME&#8221; font_container=&#8221;tag:h1|font_size:14|text_align:left|color:%230c0c0c|line_height:1.4&#8243; use_theme_fonts=&#8221;yes&#8221; css_animation=&#8221;slideInDown&#8221; css=&#8221;.vc_custom_1604446619088{margin-bottom: -10px !important;padding-bottom: 10px !important;}&#8221;][vc_column_text css=&#8221;.vc_custom_1604297216749{margin-top: 25px !important;padding-right: 0px !important;}&#8221;]Quinta GALEON Lodge [&hellip;]<\/p>\n","protected":false},"author":1,"featured_media":0,"parent":0,"menu_order":0,"comment_status":"closed","ping_status":"closed","template":"","meta":{"footnotes":""},"class_list":["post-453","page","type-page","status-publish","hentry"],"yoast_head":"<!-- This site is optimized with the Yoast SEO plugin v25.4 - https:\/\/yoast.com\/wordpress\/plugins\/seo\/ -->\n<title>Our Place - Quinta GALEON Lodge<\/title>\n<meta name=\"robots\" content=\"index, follow, max-snippet:-1, max-image-preview:large, max-video-preview:-1\" \/>\n<link rel=\"canonical\" href=\"https:\/\/quintagaleon.com\/hummer\/our-place\/\" \/>\n<meta property=\"og:locale\" content=\"en_US\" \/>\n<meta property=\"og:type\" content=\"article\" \/>\n<meta property=\"og:title\" content=\"Our Place - Quinta GALEON Lodge\" \/>\n<meta property=\"og:description\" content=\"[vc_row full_width=&#8221;stretch_row_content&#8221; rtl_reverse=&#8221;yes&#8221; css=&#8221;.vc_custom_1603928593178{margin-top: 0px !important;padding-top: 0px !important;background-color: #ffffff !important;}&#8221;][vc_column width=&#8221;1\/2&#8243; css=&#8221;.vc_custom_1603843736998{background-position: center !important;background-repeat: no-repeat !important;background-size: contain !important;}&#8221;][vc_gallery interval=&#8221;5&#8243; images=&#8221;1595,1592,1594,1593,1590,1589&#8243; img_size=&#8221;full&#8221; css=&#8221;.vc_custom_1604298656828{margin-top: 3em !important;}&#8221;][\/vc_column][vc_column width=&#8221;1\/2&#8243;][vc_custom_heading text=&#8221;Quinta GALEON Lodge&#8221; font_container=&#8221;tag:h1|font_size:30px|text_align:left|line_height:1.5&#8243; use_theme_fonts=&#8221;yes&#8221; css=&#8221;.vc_custom_1604447720220{margin-bottom: -10px !important;padding-bottom: 10px !important;}&#8221;][vc_custom_heading text=&#8221;YOUR HOME AWAY FROM HOME&#8221; font_container=&#8221;tag:h1|font_size:14|text_align:left|color:%230c0c0c|line_height:1.4&#8243; use_theme_fonts=&#8221;yes&#8221; css_animation=&#8221;slideInDown&#8221; css=&#8221;.vc_custom_1604446619088{margin-bottom: -10px !important;padding-bottom: 10px !important;}&#8221;][vc_column_text css=&#8221;.vc_custom_1604297216749{margin-top: 25px !important;padding-right: 0px !important;}&#8221;]Quinta GALEON Lodge [&hellip;]\" \/>\n<meta property=\"og:url\" content=\"https:\/\/quintagaleon.com\/hummer\/our-place\/\" \/>\n<meta property=\"og:site_name\" content=\"Quinta GALEON Lodge\" \/>\n<meta property=\"article:modified_time\" content=\"2025-12-24T03:08:02+00:00\" \/>\n<meta name=\"twitter:card\" content=\"summary_large_image\" \/>\n<meta name=\"twitter:label1\" content=\"Est. reading time\" \/>\n\t<meta name=\"twitter:data1\" content=\"6 minutes\" \/>\n<script type=\"application\/ld+json\" class=\"yoast-schema-graph\">{\"@context\":\"https:\/\/schema.org\",\"@graph\":[{\"@type\":\"WebPage\",\"@id\":\"https:\/\/quintagaleon.com\/hummer\/our-place\/\",\"url\":\"https:\/\/quintagaleon.com\/hummer\/our-place\/\",\"name\":\"Our Place - Quinta GALEON Lodge\",\"isPartOf\":{\"@id\":\"https:\/\/quintagaleon.com\/hummer\/#website\"},\"datePublished\":\"2020-10-23T15:21:27+00:00\",\"dateModified\":\"2025-12-24T03:08:02+00:00\",\"breadcrumb\":{\"@id\":\"https:\/\/quintagaleon.com\/hummer\/our-place\/#breadcrumb\"},\"inLanguage\":\"en-US\",\"potentialAction\":[{\"@type\":\"ReadAction\",\"target\":[\"https:\/\/quintagaleon.com\/hummer\/our-place\/\"]}]},{\"@type\":\"BreadcrumbList\",\"@id\":\"https:\/\/quintagaleon.com\/hummer\/our-place\/#breadcrumb\",\"itemListElement\":[{\"@type\":\"ListItem\",\"position\":1,\"name\":\"Home\",\"item\":\"https:\/\/quintagaleon.com\/hummer\/\"},{\"@type\":\"ListItem\",\"position\":2,\"name\":\"Our Place\"}]},{\"@type\":\"WebSite\",\"@id\":\"https:\/\/quintagaleon.com\/hummer\/#website\",\"url\":\"https:\/\/quintagaleon.com\/hummer\/\",\"name\":\"Quinta Galeon\",\"description\":\"Hummingbird and Birding Photography Paradise Hotel\",\"publisher\":{\"@id\":\"https:\/\/quintagaleon.com\/hummer\/#organization\"},\"potentialAction\":[{\"@type\":\"SearchAction\",\"target\":{\"@type\":\"EntryPoint\",\"urlTemplate\":\"https:\/\/quintagaleon.com\/hummer\/?s={search_term_string}\"},\"query-input\":{\"@type\":\"PropertyValueSpecification\",\"valueRequired\":true,\"valueName\":\"search_term_string\"}}],\"inLanguage\":\"en-US\"},{\"@type\":\"Organization\",\"@id\":\"https:\/\/quintagaleon.com\/hummer\/#organization\",\"name\":\"Quinta Galeon\",\"url\":\"https:\/\/quintagaleon.com\/hummer\/\",\"logo\":{\"@type\":\"ImageObject\",\"inLanguage\":\"en-US\",\"@id\":\"https:\/\/quintagaleon.com\/hummer\/#\/schema\/logo\/image\/\",\"url\":\"http:\/\/quintagaleon.com\/hummer\/wp-content\/uploads\/2020\/10\/Logo-Quinta-color.png\",\"contentUrl\":\"http:\/\/quintagaleon.com\/hummer\/wp-content\/uploads\/2020\/10\/Logo-Quinta-color.png\",\"width\":909,\"height\":480,\"caption\":\"Quinta Galeon\"},\"image\":{\"@id\":\"https:\/\/quintagaleon.com\/hummer\/#\/schema\/logo\/image\/\"}}]}<\/script>\n<!-- \/ Yoast SEO plugin. -->","yoast_head_json":{"title":"Our Place - Quinta GALEON Lodge","robots":{"index":"index","follow":"follow","max-snippet":"max-snippet:-1","max-image-preview":"max-image-preview:large","max-video-preview":"max-video-preview:-1"},"canonical":"https:\/\/quintagaleon.com\/hummer\/our-place\/","og_locale":"en_US","og_type":"article","og_title":"Our Place - Quinta GALEON Lodge","og_description":"[vc_row full_width=&#8221;stretch_row_content&#8221; rtl_reverse=&#8221;yes&#8221; css=&#8221;.vc_custom_1603928593178{margin-top: 0px !important;padding-top: 0px !important;background-color: #ffffff !important;}&#8221;][vc_column width=&#8221;1\/2&#8243; css=&#8221;.vc_custom_1603843736998{background-position: center !important;background-repeat: no-repeat !important;background-size: contain !important;}&#8221;][vc_gallery interval=&#8221;5&#8243; images=&#8221;1595,1592,1594,1593,1590,1589&#8243; img_size=&#8221;full&#8221; css=&#8221;.vc_custom_1604298656828{margin-top: 3em !important;}&#8221;][\/vc_column][vc_column width=&#8221;1\/2&#8243;][vc_custom_heading text=&#8221;Quinta GALEON Lodge&#8221; font_container=&#8221;tag:h1|font_size:30px|text_align:left|line_height:1.5&#8243; use_theme_fonts=&#8221;yes&#8221; css=&#8221;.vc_custom_1604447720220{margin-bottom: -10px !important;padding-bottom: 10px !important;}&#8221;][vc_custom_heading text=&#8221;YOUR HOME AWAY FROM HOME&#8221; font_container=&#8221;tag:h1|font_size:14|text_align:left|color:%230c0c0c|line_height:1.4&#8243; use_theme_fonts=&#8221;yes&#8221; css_animation=&#8221;slideInDown&#8221; css=&#8221;.vc_custom_1604446619088{margin-bottom: -10px !important;padding-bottom: 10px !important;}&#8221;][vc_column_text css=&#8221;.vc_custom_1604297216749{margin-top: 25px !important;padding-right: 0px !important;}&#8221;]Quinta GALEON Lodge [&hellip;]","og_url":"https:\/\/quintagaleon.com\/hummer\/our-place\/","og_site_name":"Quinta GALEON Lodge","article_modified_time":"2025-12-24T03:08:02+00:00","twitter_card":"summary_large_image","twitter_misc":{"Est. reading time":"6 minutes"},"schema":{"@context":"https:\/\/schema.org","@graph":[{"@type":"WebPage","@id":"https:\/\/quintagaleon.com\/hummer\/our-place\/","url":"https:\/\/quintagaleon.com\/hummer\/our-place\/","name":"Our Place - Quinta GALEON Lodge","isPartOf":{"@id":"https:\/\/quintagaleon.com\/hummer\/#website"},"datePublished":"2020-10-23T15:21:27+00:00","dateModified":"2025-12-24T03:08:02+00:00","breadcrumb":{"@id":"https:\/\/quintagaleon.com\/hummer\/our-place\/#breadcrumb"},"inLanguage":"en-US","potentialAction":[{"@type":"ReadAction","target":["https:\/\/quintagaleon.com\/hummer\/our-place\/"]}]},{"@type":"BreadcrumbList","@id":"https:\/\/quintagaleon.com\/hummer\/our-place\/#breadcrumb","itemListElement":[{"@type":"ListItem","position":1,"name":"Home","item":"https:\/\/quintagaleon.com\/hummer\/"},{"@type":"ListItem","position":2,"name":"Our Place"}]},{"@type":"WebSite","@id":"https:\/\/quintagaleon.com\/hummer\/#website","url":"https:\/\/quintagaleon.com\/hummer\/","name":"Quinta Galeon","description":"Hummingbird and Birding Photography Paradise Hotel","publisher":{"@id":"https:\/\/quintagaleon.com\/hummer\/#organization"},"potentialAction":[{"@type":"SearchAction","target":{"@type":"EntryPoint","urlTemplate":"https:\/\/quintagaleon.com\/hummer\/?s={search_term_string}"},"query-input":{"@type":"PropertyValueSpecification","valueRequired":true,"valueName":"search_term_string"}}],"inLanguage":"en-US"},{"@type":"Organization","@id":"https:\/\/quintagaleon.com\/hummer\/#organization","name":"Quinta Galeon","url":"https:\/\/quintagaleon.com\/hummer\/","logo":{"@type":"ImageObject","inLanguage":"en-US","@id":"https:\/\/quintagaleon.com\/hummer\/#\/schema\/logo\/image\/","url":"http:\/\/quintagaleon.com\/hummer\/wp-content\/uploads\/2020\/10\/Logo-Quinta-color.png","contentUrl":"http:\/\/quintagaleon.com\/hummer\/wp-content\/uploads\/2020\/10\/Logo-Quinta-color.png","width":909,"height":480,"caption":"Quinta Galeon"},"image":{"@id":"https:\/\/quintagaleon.com\/hummer\/#\/schema\/logo\/image\/"}}]}},"_links":{"self":[{"href":"https:\/\/quintagaleon.com\/hummer\/wp-json\/wp\/v2\/pages\/453"}],"collection":[{"href":"https:\/\/quintagaleon.com\/hummer\/wp-json\/wp\/v2\/pages"}],"about":[{"href":"https:\/\/quintagaleon.com\/hummer\/wp-json\/wp\/v2\/types\/page"}],"author":[{"embeddable":true,"href":"https:\/\/quintagaleon.com\/hummer\/wp-json\/wp\/v2\/users\/1"}],"replies":[{"embeddable":true,"href":"https:\/\/quintagaleon.com\/hummer\/wp-json\/wp\/v2\/comments?post=453"}],"version-history":[{"count":107,"href":"https:\/\/quintagaleon.com\/hummer\/wp-json\/wp\/v2\/pages\/453\/revisions"}],"predecessor-version":[{"id":6091,"href":"https:\/\/quintagaleon.com\/hummer\/wp-json\/wp\/v2\/pages\/453\/revisions\/6091"}],"wp:attachment":[{"href":"https:\/\/quintagaleon.com\/hummer\/wp-json\/wp\/v2\/media?parent=453"}],"curies":[{"name":"wp","href":"https:\/\/api.w.org\/{rel}","templated":true}]}}